{"id":19,"date":"2016-02-07T15:45:43","date_gmt":"2016-02-07T15:45:43","guid":{"rendered":"http:\/\/web.altfresenburg.de\/?page_id=19"},"modified":"2021-04-29T09:54:44","modified_gmt":"2021-04-29T09:54:44","slug":"lebensraum-mit-energie-neu","status":"publish","type":"page","link":"http:\/\/web.altfresenburg.de\/","title":{"rendered":""},"content":{"rendered":"<p>Auf Gut Altfresenburg schaffen wir einen Lebensraum auf historischem Boden, in dem Menschen im Einklang mit sich und mit der Natur leben und arbeiten k\u00f6nnen.<\/p>\n<p>In diesem Lebensraum entwickeln und nutzen wir zudem au\u00dfergew\u00f6hnliche L\u00f6sungen in Bereichen der Energie- und teilweise Lebensmittelversorgung, im Miteinander des Lebens und Arbeitens, der Gesundheit und des Umwelt- und Denkmalschutzes.<\/p>\n<div>\n<p>Auf dem, vor den Toren Hamburgs und L\u00fcbecks liegendem Gut, hei\u00dfen wir auch G\u00e4ste willkommen, die mehrmals im Jahr die M\u00f6glichkeit haben an unterschiedlichen kulturellen Veranstaltungen teilzunehmen.<\/p>\n<\/div>\n","protected":false},"excerpt":{"rendered":"<p>Auf Gut Altfresenburg schaffen wir einen Lebensraum auf historischem Boden, in dem Menschen im Einklang mit sich und mit der Natur leben und arbeiten k\u00f6nnen. [&hellip;]<\/p>\n","protected":false},"author":1,"featured_media":105,"parent":0,"menu_order":0,"comment_status":"closed","ping_status":"closed","template":"","meta":[],"_links":{"self":[{"href":"http:\/\/web.altfresenburg.de\/index.php?rest_route=\/wp\/v2\/pages\/19"}],"collection":[{"href":"http:\/\/web.altfresenburg.de\/index.php?rest_route=\/wp\/v2\/pages"}],"about":[{"href":"http:\/\/web.altfresenburg.de\/index.php?rest_route=\/wp\/v2\/types\/page"}],"author":[{"embeddable":true,"href":"http:\/\/web.altfresenburg.de\/index.php?rest_route=\/wp\/v2\/users\/1"}],"replies":[{"embeddable":true,"href":"http:\/\/web.altfresenburg.de\/index.php?rest_route=%2Fwp%2Fv2%2Fcomments&post=19"}],"version-history":[{"count":7,"href":"http:\/\/web.altfresenburg.de\/index.php?rest_route=\/wp\/v2\/pages\/19\/revisions"}],"predecessor-version":[{"id":192,"href":"http:\/\/web.altfresenburg.de\/index.php?rest_route=\/wp\/v2\/pages\/19\/revisions\/192"}],"wp:featuredmedia":[{"embeddable":true,"href":"http:\/\/web.altfresenburg.de\/index.php?rest_route=\/wp\/v2\/media\/105"}],"wp:attachment":[{"href":"http:\/\/web.altfresenburg.de\/index.php?rest_route=%2Fwp%2Fv2%2Fmedia&parent=19"}],"curies":[{"name":"wp","href":"https:\/\/api.w.org\/{rel}","templated":true}]}}